{"id":123,"date":"2021-03-02T05:39:33","date_gmt":"2021-03-02T05:39:33","guid":{"rendered":"https:\/\/imest.com.br\/?page_id=123"},"modified":"2021-03-22T14:31:46","modified_gmt":"2021-03-22T14:31:46","slug":"esocial","status":"publish","type":"page","link":"https:\/\/imest.com.br\/index.php\/esocial\/","title":{"rendered":"Esocial"},"content":{"rendered":"\t\t<div data-elementor-type=\"wp-page\" data-elementor-id=\"123\" class=\"elementor elementor-123\" data-elementor-post-type=\"page\">\n\t\t\t\t\t\t<section class=\"elementor-section elementor-top-section elementor-element elementor-element-77b8401 elementor-section-full_width elementor-section-height-default elementor-section-height-default\" data-id=\"77b8401\" data-element_type=\"section\" data-settings=\"{&quot;background_background&quot;:&quot;classic&quot;}\">\n\t\t\t\t\t\t\t<div class=\"elementor-background-overlay\"><\/div>\n\t\t\t\t\t\t\t<div class=\"elementor-container elementor-column-gap-default\">\n\t\t\t\t\t<div class=\"elementor-column elementor-col-100 elementor-top-column elementor-element elementor-element-7ac8e02\" data-id=\"7ac8e02\" data-element_type=\"column\">\n\t\t\t<div class=\"elementor-widget-wrap elementor-element-populated\">\n\t\t\t\t\t\t<section class=\"elementor-section elementor-inner-section elementor-element elementor-element-0efae95 elementor-section-full_width elementor-section-height-default elementor-section-height-default\" data-id=\"0efae95\" data-element_type=\"section\">\n\t\t\t\t\t\t<div class=\"elementor-container elementor-column-gap-default\">\n\t\t\t\t\t<div class=\"elementor-column elementor-col-100 elementor-inner-column elementor-element elementor-element-41436ec\" data-id=\"41436ec\" data-element_type=\"column\">\n\t\t\t<div class=\"elementor-widget-wrap elementor-element-populated\">\n\t\t\t\t\t\t<div class=\"elementor-element elementor-element-5c0ee54 elementor-widget elementor-widget-heading\" data-id=\"5c0ee54\" data-element_type=\"widget\" data-widget_type=\"heading.default\">\n\t\t\t\t<div class=\"elementor-widget-container\">\n\t\t\t\t\t<h1 class=\"elementor-heading-title elementor-size-default\">E-SOCIAL<\/h1>\t\t\t\t<\/div>\n\t\t\t\t<\/div>\n\t\t\t\t\t<\/div>\n\t\t<\/div>\n\t\t\t\t\t<\/div>\n\t\t<\/section>\n\t\t\t\t\t<\/div>\n\t\t<\/div>\n\t\t\t\t\t<\/div>\n\t\t<\/section>\n\t\t\t\t<section class=\"elementor-section elementor-top-section elementor-element elementor-element-bc50406 elementor-section-boxed elementor-section-height-default elementor-section-height-default\" data-id=\"bc50406\" data-element_type=\"section\">\n\t\t\t\t\t\t<div class=\"elementor-container elementor-column-gap-default\">\n\t\t\t\t\t<div class=\"elementor-column elementor-col-100 elementor-top-column elementor-element elementor-element-39ce18b\" data-id=\"39ce18b\" data-element_type=\"column\">\n\t\t\t<div class=\"elementor-widget-wrap elementor-element-populated\">\n\t\t\t\t\t\t<div class=\"elementor-element elementor-element-c19f731 elementor-widget elementor-widget-video\" data-id=\"c19f731\" data-element_type=\"widget\" data-settings=\"{&quot;youtube_url&quot;:&quot;https:\\\/\\\/www.youtube.com\\\/watch?v=CEMeGQ9RTrg&quot;,&quot;video_type&quot;:&quot;youtube&quot;,&quot;controls&quot;:&quot;yes&quot;}\" data-widget_type=\"video.default\">\n\t\t\t\t<div class=\"elementor-widget-container\">\n\t\t\t\t\t\t\t<div class=\"elementor-wrapper elementor-open-inline\">\n\t\t\t<div class=\"elementor-video\"><\/div>\t\t<\/div>\n\t\t\t\t\t\t<\/div>\n\t\t\t\t<\/div>\n\t\t\t\t<div class=\"elementor-element elementor-element-32b56b6 elementor-widget elementor-widget-text-editor\" data-id=\"32b56b6\" data-element_type=\"widget\" data-widget_type=\"text-editor.default\">\n\t\t\t\t<div class=\"elementor-widget-container\">\n\t\t\t\t\t\t\t\t\t<p>O\u00a0<strong>eSOCial<\/strong>\u00a0\u00e9 um projeto do governo federal que tem por objetivo unificar o envio de informa\u00e7\u00f5es pelo empregador em rela\u00e7\u00e3o aos seus empregados, armazenando-as no Ambiente Nacional do eSocial. Possibilitando aos \u00f3rg\u00e3os participantes do projeto, sua efetiva utiliza\u00e7\u00e3o para fins Trabalhistas, Previdenci\u00e1rios e Fiscais na apura\u00e7\u00e3o de tributos e do FGTS.<\/p><p>Seguindo o cronograma de implanta\u00e7\u00e3o do Governo Federal, o uso do sistema eSocial tornou-se obrigat\u00f3rio desde 08 de janeiro de 2018 onde informa\u00e7\u00f5es como classifica\u00e7\u00e3o fiscal e estrutura administrativa do empregador, direitos e deveres trabalhistas, previdenci\u00e1rios e fiscais, e informa\u00e7\u00f5es relacionadas \u00e0 Sa\u00fade e Seguran\u00e7a do Trabalho passaram a se tornar obrigat\u00f3rios seguindo as datas determinadas pelo Governo.<\/p><p>O IMEST possui um sistema de Gest\u00e3o Ocupacional que tem informa\u00e7\u00f5es referentes \u00e0 Sa\u00fade e Seguran\u00e7a Ocupacional (SST). Entre as informa\u00e7\u00f5es solicitadas, o nosso foco est\u00e1 concentrado em atender a parte do projeto relativa a Sa\u00fade Ocupacional, representada pelos seguintes leiautes:<\/p><ul><li><strong>S-2210<\/strong>\u00a0Comunica\u00e7\u00e3o de Acidente de Trabalho;<\/li><li><strong>S-2220<\/strong>\u00a0Monitoramento da Sa\u00fade do Trabalhador;<\/li><li><strong>S-2230<\/strong>\u00a0Afastamento Tempor\u00e1rio;<\/li><li><strong>S-2240<\/strong>\u00a0Condi\u00e7\u00f5es Ambientais do Trabalho &#8211; Fatores de Risco;<\/li><\/ul><p>Para atender ao Projeto do Governo Federal, foram desenvolvidas solu\u00e7\u00f5es que poder\u00e3o ser realizadas de tr\u00eas formas:<\/p>\t\t\t\t\t\t\t\t<\/div>\n\t\t\t\t<\/div>\n\t\t\t\t<div class=\"elementor-element elementor-element-2fe0904 elementor-tabs-view-horizontal elementor-widget elementor-widget-tabs\" data-id=\"2fe0904\" data-element_type=\"widget\" data-widget_type=\"tabs.default\">\n\t\t\t\t<div class=\"elementor-widget-container\">\n\t\t\t\t\t\t\t<div class=\"elementor-tabs\">\n\t\t\t<div class=\"elementor-tabs-wrapper\" role=\"tablist\" >\n\t\t\t\t\t\t\t\t\t<div id=\"elementor-tab-title-5021\" class=\"elementor-tab-title elementor-tab-desktop-title\" aria-selected=\"true\" data-tab=\"1\" role=\"tab\" tabindex=\"0\" aria-controls=\"elementor-tab-content-5021\" aria-expanded=\"false\">1. Mensageria<\/div>\n\t\t\t\t\t\t\t\t\t<div id=\"elementor-tab-title-5022\" class=\"elementor-tab-title elementor-tab-desktop-title\" aria-selected=\"false\" data-tab=\"2\" role=\"tab\" tabindex=\"-1\" aria-controls=\"elementor-tab-content-5022\" aria-expanded=\"false\">2. Portal eSOCial<\/div>\n\t\t\t\t\t\t\t\t\t<div id=\"elementor-tab-title-5023\" class=\"elementor-tab-title elementor-tab-desktop-title\" aria-selected=\"false\" data-tab=\"3\" role=\"tab\" tabindex=\"-1\" aria-controls=\"elementor-tab-content-5023\" aria-expanded=\"false\">3. Integra\u00e7\u00e3o com outros Sistemas (Web Service)<\/div>\n\t\t\t\t\t\t\t<\/div>\n\t\t\t<div class=\"elementor-tabs-content-wrapper\" role=\"tablist\" aria-orientation=\"vertical\">\n\t\t\t\t\t\t\t\t\t<div class=\"elementor-tab-title elementor-tab-mobile-title\" aria-selected=\"true\" data-tab=\"1\" role=\"tab\" tabindex=\"0\" aria-controls=\"elementor-tab-content-5021\" aria-expanded=\"false\">1. Mensageria<\/div>\n\t\t\t\t\t<div id=\"elementor-tab-content-5021\" class=\"elementor-tab-content elementor-clearfix\" data-tab=\"1\" role=\"tabpanel\" aria-labelledby=\"elementor-tab-title-5021\" tabindex=\"0\" hidden=\"false\"><p>Essa solu\u00e7\u00e3o cria, gerencia e transmite o leiaute\u00a0no formato do eSOCial diretamente o governo. Os usu\u00e1rios poder\u00e3o definir\u00a0a periodicidade para gerar os leiautes de SST, assinar digitalmente os lotes e envi\u00e1-los ao governo sem a necessidade de sistemas terceiros<\/p><\/div>\n\t\t\t\t\t\t\t\t\t<div class=\"elementor-tab-title elementor-tab-mobile-title\" aria-selected=\"false\" data-tab=\"2\" role=\"tab\" tabindex=\"-1\" aria-controls=\"elementor-tab-content-5022\" aria-expanded=\"false\">2. Portal eSOCial<\/div>\n\t\t\t\t\t<div id=\"elementor-tab-content-5022\" class=\"elementor-tab-content elementor-clearfix\" data-tab=\"2\" role=\"tabpanel\" aria-labelledby=\"elementor-tab-title-5022\" tabindex=\"0\" hidden=\"hidden\"><p>Essa solu\u00e7\u00e3o cria, gerencia e disponibiliza o leiaute no formato do eSOCial aos sistemas de RH\/Mensageria. Os usu\u00e1rios poder\u00e3o definir\u00a0a periodicidade para gerar os leiautes de SST que poder\u00e3o ser disponibilizadas via e-mail ou em formato XML, de acordo com o padr\u00e3o informado pelo governo.<\/p><\/div>\n\t\t\t\t\t\t\t\t\t<div class=\"elementor-tab-title elementor-tab-mobile-title\" aria-selected=\"false\" data-tab=\"3\" role=\"tab\" tabindex=\"-1\" aria-controls=\"elementor-tab-content-5023\" aria-expanded=\"false\">3. Integra\u00e7\u00e3o com outros Sistemas (Web Service)<\/div>\n\t\t\t\t\t<div id=\"elementor-tab-content-5023\" class=\"elementor-tab-content elementor-clearfix\" data-tab=\"3\" role=\"tabpanel\" aria-labelledby=\"elementor-tab-title-5023\" tabindex=\"0\" hidden=\"hidden\"><p>Essa solu\u00e7\u00e3o\u00a0permite que os dados de Sa\u00fade e Seguran\u00e7a do Trabalho\u00a0exigidos pelo eSOCial sejam consumidos para serem integrados aos Sistemas de Folha de Pagamento\/RH.<br \/>Os dados solicitados ser\u00e3o disponibilizados\u00a0atrav\u00e9s da ferramenta que permite aos Clientes desenvolverem interfaces com nosso software e integrem essas informa\u00e7\u00f5es com sistemas de Folha de Pagamento\/RH, que ser\u00e3o os respons\u00e1veis por reproduzir e transmitir os leiautes ao Governo Federal.<br \/><br \/><\/p><p>Para mais informa\u00e7\u00f5es sobre a implanta\u00e7\u00e3o do eSocial, consulte em https:\/\/www.gov.br\/esocial\/pt-br\/acesso-ao-sistema\/cronograma-de-implantacao<\/p><\/div>\n\t\t\t\t\t\t\t<\/div>\n\t\t<\/div>\n\t\t\t\t\t\t<\/div>\n\t\t\t\t<\/div>\n\t\t\t\t\t<\/div>\n\t\t<\/div>\n\t\t\t\t\t<\/div>\n\t\t<\/section>\n\t\t\t\t<section class=\"elementor-section elementor-top-section elementor-element elementor-element-289cb650 elementor-section-boxed elementor-section-height-default elementor-section-height-default\" data-id=\"289cb650\" data-element_type=\"section\" data-settings=\"{&quot;background_background&quot;:&quot;classic&quot;}\">\n\t\t\t\t\t\t\t<div class=\"elementor-background-overlay\"><\/div>\n\t\t\t\t\t\t\t<div class=\"elementor-container elementor-column-gap-no\">\n\t\t\t\t\t<div class=\"elementor-column elementor-col-50 elementor-top-column elementor-element elementor-element-12031557\" data-id=\"12031557\" data-element_type=\"column\">\n\t\t\t<div class=\"elementor-widget-wrap elementor-element-populated\">\n\t\t\t\t\t\t<div class=\"elementor-element elementor-element-59a6bd elementor-widget elementor-widget-heading\" data-id=\"59a6bd\" data-element_type=\"widget\" data-widget_type=\"heading.default\">\n\t\t\t\t<div class=\"elementor-widget-container\">\n\t\t\t\t\t<h2 class=\"elementor-heading-title elementor-size-default\">Fale Conosco<\/h2>\t\t\t\t<\/div>\n\t\t\t\t<\/div>\n\t\t\t\t<div class=\"elementor-element elementor-element-70d700db elementor-widget elementor-widget-heading\" data-id=\"70d700db\" data-element_type=\"widget\" data-widget_type=\"heading.default\">\n\t\t\t\t<div class=\"elementor-widget-container\">\n\t\t\t\t\t<p class=\"elementor-heading-title elementor-size-default\">solicite um or\u00e7amento<\/p>\t\t\t\t<\/div>\n\t\t\t\t<\/div>\n\t\t\t\t<section class=\"elementor-section elementor-inner-section elementor-element elementor-element-32296ba4 animated-slow elementor-section-boxed elementor-section-height-default elementor-section-height-default elementor-invisible\" data-id=\"32296ba4\" data-element_type=\"section\" data-settings=\"{&quot;background_background&quot;:&quot;classic&quot;,&quot;animation&quot;:&quot;fadeIn&quot;}\">\n\t\t\t\t\t\t<div class=\"elementor-container elementor-column-gap-default\">\n\t\t\t\t\t<div class=\"elementor-column elementor-col-100 elementor-inner-column elementor-element elementor-element-55108085\" data-id=\"55108085\" data-element_type=\"column\">\n\t\t\t<div class=\"elementor-widget-wrap elementor-element-populated\">\n\t\t\t\t\t\t<div class=\"elementor-element elementor-element-13f14413 elementor-button-align-stretch elementor-widget elementor-widget-form\" data-id=\"13f14413\" data-element_type=\"widget\" data-settings=\"{&quot;step_next_label&quot;:&quot;pr\\u00f3ximo&quot;,&quot;step_previous_label&quot;:&quot;voltar&quot;,&quot;button_width&quot;:&quot;100&quot;,&quot;step_type&quot;:&quot;number_text&quot;,&quot;step_icon_shape&quot;:&quot;circle&quot;}\" data-widget_type=\"form.default\">\n\t\t\t\t<div class=\"elementor-widget-container\">\n\t\t\t\t\t\t\t<form class=\"elementor-form\" method=\"post\" name=\"New Form\">\n\t\t\t<input type=\"hidden\" name=\"post_id\" value=\"123\"\/>\n\t\t\t<input type=\"hidden\" name=\"form_id\" value=\"13f14413\"\/>\n\t\t\t<input type=\"hidden\" name=\"referer_title\" value=\"imest.com.br\" \/>\n\n\t\t\t\n\t\t\t<div class=\"elementor-form-fields-wrapper elementor-labels-above\">\n\t\t\t\t\t\t\t\t<div class=\"elementor-field-type-text elementor-field-group elementor-column elementor-field-group-field_2 elementor-col-100\">\n\t\t\t\t\t\t\t\t\t\t\t\t<label for=\"form-field-field_2\" class=\"elementor-field-label\">\n\t\t\t\t\t\t\t\tNOME COMPLETO\t\t\t\t\t\t\t<\/label>\n\t\t\t\t\t\t\t\t\t\t\t\t\t\t<input size=\"1\" type=\"text\" name=\"form_fields[field_2]\" id=\"form-field-field_2\" class=\"elementor-field elementor-size-sm  elementor-field-textual\">\n\t\t\t\t\t\t\t\t\t\t\t<\/div>\n\t\t\t\t\t\t\t\t<div class=\"elementor-field-type-text elementor-field-group elementor-column elementor-field-group-field_e0a7275 elementor-col-100\">\n\t\t\t\t\t\t\t\t\t\t\t\t<label for=\"form-field-field_e0a7275\" class=\"elementor-field-label\">\n\t\t\t\t\t\t\t\tNome da Empresa\t\t\t\t\t\t\t<\/label>\n\t\t\t\t\t\t\t\t\t\t\t\t\t\t<input size=\"1\" type=\"text\" name=\"form_fields[field_e0a7275]\" id=\"form-field-field_e0a7275\" class=\"elementor-field elementor-size-sm  elementor-field-textual\">\n\t\t\t\t\t\t\t\t\t\t\t<\/div>\n\t\t\t\t\t\t\t\t<div class=\"elementor-field-type-tel elementor-field-group elementor-column elementor-field-group-field_1 elementor-col-100\">\n\t\t\t\t\t\t\t\t\t\t\t\t<label for=\"form-field-field_1\" class=\"elementor-field-label\">\n\t\t\t\t\t\t\t\tTELEFONE\t\t\t\t\t\t\t<\/label>\n\t\t\t\t\t\t\t\t<input size=\"1\" type=\"tel\" name=\"form_fields[field_1]\" id=\"form-field-field_1\" class=\"elementor-field elementor-size-sm  elementor-field-textual\" pattern=\"[0-9()#&amp;+*-=.]+\" title=\"Apenas n\u00fameros e caracteres de telefone (#, -, *, etc.) s\u00e3o aceitos.\">\n\n\t\t\t\t\t\t<\/div>\n\t\t\t\t\t\t\t\t<div class=\"elementor-field-type-email elementor-field-group elementor-column elementor-field-group-email elementor-col-100 elementor-field-required\">\n\t\t\t\t\t\t\t\t\t\t\t\t<label for=\"form-field-email\" class=\"elementor-field-label\">\n\t\t\t\t\t\t\t\tEndere\u00e7o de email\t\t\t\t\t\t\t<\/label>\n\t\t\t\t\t\t\t\t\t\t\t\t\t\t<input size=\"1\" type=\"email\" name=\"form_fields[email]\" id=\"form-field-email\" class=\"elementor-field elementor-size-sm  elementor-field-textual\" required=\"required\" aria-required=\"true\">\n\t\t\t\t\t\t\t\t\t\t\t<\/div>\n\t\t\t\t\t\t\t\t<div class=\"elementor-field-type-textarea elementor-field-group elementor-column elementor-field-group-message elementor-col-100\">\n\t\t\t\t\t\t\t\t\t\t\t\t<label for=\"form-field-message\" class=\"elementor-field-label\">\n\t\t\t\t\t\t\t\tSUA MENSAGEM\t\t\t\t\t\t\t<\/label>\n\t\t\t\t\t\t<textarea class=\"elementor-field-textual elementor-field  elementor-size-sm\" name=\"form_fields[message]\" id=\"form-field-message\" rows=\"3\"><\/textarea>\t\t\t\t<\/div>\n\t\t\t\t\t\t\t\t<div class=\"elementor-field-group elementor-column elementor-field-type-submit elementor-col-100 e-form__buttons\">\n\t\t\t\t\t<button type=\"submit\" class=\"elementor-button elementor-size-md elementor-animation-pulse-grow\">\n\t\t\t\t\t\t<span >\n\t\t\t\t\t\t\t\t\t\t\t\t\t\t\t<span class=\" elementor-button-icon\">\n\t\t\t\t\t\t\t\t\t\t\t\t\t\t\t\t\t\t\t\t\t\t\t\t\t\t<\/span>\n\t\t\t\t\t\t\t\t\t\t\t\t\t\t\t\t\t\t\t\t\t\t<span class=\"elementor-button-text\">ENVIAR MENSAGEM<\/span>\n\t\t\t\t\t\t\t\t\t\t\t\t\t<\/span>\n\t\t\t\t\t<\/button>\n\t\t\t\t<\/div>\n\t\t\t<\/div>\n\t\t<\/form>\n\t\t\t\t\t\t<\/div>\n\t\t\t\t<\/div>\n\t\t\t\t\t<\/div>\n\t\t<\/div>\n\t\t\t\t\t<\/div>\n\t\t<\/section>\n\t\t\t\t\t<\/div>\n\t\t<\/div>\n\t\t\t\t<div class=\"elementor-column elementor-col-50 elementor-top-column elementor-element elementor-element-1e6dc78d\" data-id=\"1e6dc78d\" data-element_type=\"column\">\n\t\t\t<div class=\"elementor-widget-wrap elementor-element-populated\">\n\t\t\t\t\t\t<div class=\"elementor-element elementor-element-bce3bed elementor-widget elementor-widget-google_maps\" data-id=\"bce3bed\" data-element_type=\"widget\" data-widget_type=\"google_maps.default\">\n\t\t\t\t<div class=\"elementor-widget-container\">\n\t\t\t\t\t\t\t<div class=\"elementor-custom-embed\">\n\t\t\t<iframe loading=\"lazy\"\n\t\t\t\t\tsrc=\"https:\/\/maps.google.com\/maps?q=R.%20Bar%C3%A3o%20do%20Rio%20Branco%2C%20507%20-%20Centro%2C%20Gov.%20Valadares%20-%20MG%2C%2035010-030&#038;t=m&#038;z=16&#038;output=embed&#038;iwloc=near\"\n\t\t\t\t\ttitle=\"R. Bar\u00e3o do Rio Branco, 507 - Centro, Gov. Valadares - MG, 35010-030\"\n\t\t\t\t\taria-label=\"R. Bar\u00e3o do Rio Branco, 507 - Centro, Gov. Valadares - MG, 35010-030\"\n\t\t\t><\/iframe>\n\t\t<\/div>\n\t\t\t\t\t\t<\/div>\n\t\t\t\t<\/div>\n\t\t\t\t\t<\/div>\n\t\t<\/div>\n\t\t\t\t\t<\/div>\n\t\t<\/section>\n\t\t\t\t<\/div>\n\t\t","protected":false},"excerpt":{"rendered":"<p>E-SOCIAL https:\/\/www.youtube.com\/watch?v=CEMeGQ9RTrg O\u00a0eSOCial\u00a0\u00e9 um projeto do governo federal que tem por objetivo unificar o envio de informa\u00e7\u00f5es pelo empregador em rela\u00e7\u00e3o aos seus empregados, armazenando-as no Ambiente Nacional do eSocial. Possibilitando aos \u00f3rg\u00e3os participantes do projeto, sua efetiva utiliza\u00e7\u00e3o para fins Trabalhistas, Previdenci\u00e1rios e Fiscais na apura\u00e7\u00e3o de tributos e do FGTS. Seguindo o cronograma [&hellip;]<\/p>\n","protected":false},"author":1,"featured_media":0,"parent":0,"menu_order":0,"comment_status":"closed","ping_status":"closed","template":"","meta":{"footnotes":""},"class_list":["post-123","page","type-page","status-publish","hentry"],"yoast_head":"<!-- This site is optimized with the Yoast SEO plugin v25.2 - https:\/\/yoast.com\/wordpress\/plugins\/seo\/ -->\n<title>Esocial - imest.com.br<\/title>\n<meta name=\"robots\" content=\"index, follow, max-snippet:-1, max-image-preview:large, max-video-preview:-1\" \/>\n<link rel=\"canonical\" href=\"https:\/\/imest.com.br\/index.php\/esocial\/\" \/>\n<meta property=\"og:locale\" content=\"pt_BR\" \/>\n<meta property=\"og:type\" content=\"article\" \/>\n<meta property=\"og:title\" content=\"Esocial - imest.com.br\" \/>\n<meta property=\"og:description\" content=\"E-SOCIAL https:\/\/www.youtube.com\/watch?v=CEMeGQ9RTrg O\u00a0eSOCial\u00a0\u00e9 um projeto do governo federal que tem por objetivo unificar o envio de informa\u00e7\u00f5es pelo empregador em rela\u00e7\u00e3o aos seus empregados, armazenando-as no Ambiente Nacional do eSocial. Possibilitando aos \u00f3rg\u00e3os participantes do projeto, sua efetiva utiliza\u00e7\u00e3o para fins Trabalhistas, Previdenci\u00e1rios e Fiscais na apura\u00e7\u00e3o de tributos e do FGTS. Seguindo o cronograma [&hellip;]\" \/>\n<meta property=\"og:url\" content=\"https:\/\/imest.com.br\/index.php\/esocial\/\" \/>\n<meta property=\"og:site_name\" content=\"imest.com.br\" \/>\n<meta property=\"article:modified_time\" content=\"2021-03-22T14:31:46+00:00\" \/>\n<meta name=\"twitter:card\" content=\"summary_large_image\" \/>\n<meta name=\"twitter:label1\" content=\"Est. tempo de leitura\" \/>\n\t<meta name=\"twitter:data1\" content=\"2 minutos\" \/>\n<script type=\"application\/ld+json\" class=\"yoast-schema-graph\">{\"@context\":\"https:\/\/schema.org\",\"@graph\":[{\"@type\":\"WebPage\",\"@id\":\"https:\/\/imest.com.br\/index.php\/esocial\/\",\"url\":\"https:\/\/imest.com.br\/index.php\/esocial\/\",\"name\":\"Esocial - imest.com.br\",\"isPartOf\":{\"@id\":\"https:\/\/imest.com.br\/#website\"},\"datePublished\":\"2021-03-02T05:39:33+00:00\",\"dateModified\":\"2021-03-22T14:31:46+00:00\",\"breadcrumb\":{\"@id\":\"https:\/\/imest.com.br\/index.php\/esocial\/#breadcrumb\"},\"inLanguage\":\"pt-BR\",\"potentialAction\":[{\"@type\":\"ReadAction\",\"target\":[\"https:\/\/imest.com.br\/index.php\/esocial\/\"]}]},{\"@type\":\"BreadcrumbList\",\"@id\":\"https:\/\/imest.com.br\/index.php\/esocial\/#breadcrumb\",\"itemListElement\":[{\"@type\":\"ListItem\",\"position\":1,\"name\":\"In\u00edcio\",\"item\":\"https:\/\/imest.com.br\/\"},{\"@type\":\"ListItem\",\"position\":2,\"name\":\"Esocial\"}]},{\"@type\":\"WebSite\",\"@id\":\"https:\/\/imest.com.br\/#website\",\"url\":\"https:\/\/imest.com.br\/\",\"name\":\"imest.com.br\",\"description\":\"Just another WordPress site\",\"potentialAction\":[{\"@type\":\"SearchAction\",\"target\":{\"@type\":\"EntryPoint\",\"urlTemplate\":\"https:\/\/imest.com.br\/?s={search_term_string}\"},\"query-input\":{\"@type\":\"PropertyValueSpecification\",\"valueRequired\":true,\"valueName\":\"search_term_string\"}}],\"inLanguage\":\"pt-BR\"}]}<\/script>\n<!-- \/ Yoast SEO plugin. -->","yoast_head_json":{"title":"Esocial - imest.com.br","robots":{"index":"index","follow":"follow","max-snippet":"max-snippet:-1","max-image-preview":"max-image-preview:large","max-video-preview":"max-video-preview:-1"},"canonical":"https:\/\/imest.com.br\/index.php\/esocial\/","og_locale":"pt_BR","og_type":"article","og_title":"Esocial - imest.com.br","og_description":"E-SOCIAL https:\/\/www.youtube.com\/watch?v=CEMeGQ9RTrg O\u00a0eSOCial\u00a0\u00e9 um projeto do governo federal que tem por objetivo unificar o envio de informa\u00e7\u00f5es pelo empregador em rela\u00e7\u00e3o aos seus empregados, armazenando-as no Ambiente Nacional do eSocial. Possibilitando aos \u00f3rg\u00e3os participantes do projeto, sua efetiva utiliza\u00e7\u00e3o para fins Trabalhistas, Previdenci\u00e1rios e Fiscais na apura\u00e7\u00e3o de tributos e do FGTS. Seguindo o cronograma [&hellip;]","og_url":"https:\/\/imest.com.br\/index.php\/esocial\/","og_site_name":"imest.com.br","article_modified_time":"2021-03-22T14:31:46+00:00","twitter_card":"summary_large_image","twitter_misc":{"Est. tempo de leitura":"2 minutos"},"schema":{"@context":"https:\/\/schema.org","@graph":[{"@type":"WebPage","@id":"https:\/\/imest.com.br\/index.php\/esocial\/","url":"https:\/\/imest.com.br\/index.php\/esocial\/","name":"Esocial - imest.com.br","isPartOf":{"@id":"https:\/\/imest.com.br\/#website"},"datePublished":"2021-03-02T05:39:33+00:00","dateModified":"2021-03-22T14:31:46+00:00","breadcrumb":{"@id":"https:\/\/imest.com.br\/index.php\/esocial\/#breadcrumb"},"inLanguage":"pt-BR","potentialAction":[{"@type":"ReadAction","target":["https:\/\/imest.com.br\/index.php\/esocial\/"]}]},{"@type":"BreadcrumbList","@id":"https:\/\/imest.com.br\/index.php\/esocial\/#breadcrumb","itemListElement":[{"@type":"ListItem","position":1,"name":"In\u00edcio","item":"https:\/\/imest.com.br\/"},{"@type":"ListItem","position":2,"name":"Esocial"}]},{"@type":"WebSite","@id":"https:\/\/imest.com.br\/#website","url":"https:\/\/imest.com.br\/","name":"imest.com.br","description":"Just another WordPress site","potentialAction":[{"@type":"SearchAction","target":{"@type":"EntryPoint","urlTemplate":"https:\/\/imest.com.br\/?s={search_term_string}"},"query-input":{"@type":"PropertyValueSpecification","valueRequired":true,"valueName":"search_term_string"}}],"inLanguage":"pt-BR"}]}},"_links":{"self":[{"href":"https:\/\/imest.com.br\/index.php\/wp-json\/wp\/v2\/pages\/123","targetHints":{"allow":["GET"]}}],"collection":[{"href":"https:\/\/imest.com.br\/index.php\/wp-json\/wp\/v2\/pages"}],"about":[{"href":"https:\/\/imest.com.br\/index.php\/wp-json\/wp\/v2\/types\/page"}],"author":[{"embeddable":true,"href":"https:\/\/imest.com.br\/index.php\/wp-json\/wp\/v2\/users\/1"}],"replies":[{"embeddable":true,"href":"https:\/\/imest.com.br\/index.php\/wp-json\/wp\/v2\/comments?post=123"}],"version-history":[{"count":28,"href":"https:\/\/imest.com.br\/index.php\/wp-json\/wp\/v2\/pages\/123\/revisions"}],"predecessor-version":[{"id":676,"href":"https:\/\/imest.com.br\/index.php\/wp-json\/wp\/v2\/pages\/123\/revisions\/676"}],"wp:attachment":[{"href":"https:\/\/imest.com.br\/index.php\/wp-json\/wp\/v2\/media?parent=123"}],"curies":[{"name":"wp","href":"https:\/\/api.w.org\/{rel}","templated":true}]}}